{"id":19,"date":"2025-10-13T06:50:37","date_gmt":"2025-10-13T06:50:37","guid":{"rendered":"https:\/\/wows.si\/?page_id=19"},"modified":"2025-10-13T06:50:37","modified_gmt":"2025-10-13T06:50:37","slug":"wows-slo","status":"publish","type":"page","link":"https:\/\/wows.si\/index.php\/wows-slo\/","title":{"rendered":"WOW&#8217;s &#8211; SLO"},"content":{"rendered":"\n<h2 class=\"wp-block-heading\"><strong><strong>Dobrodo\u0161li v svet narave z blagovno znamko<\/strong><\/strong><\/h2>\n\n\n\n<p><strong>WOW\u2019s \u2013 What Organism Wants<\/strong><\/p>\n\n\n\n<figure class=\"wp-block-image size-full\"><img loading=\"lazy\" decoding=\"async\" width=\"721\" height=\"1002\" src=\"https:\/\/wows.si\/wp-content\/uploads\/2025\/10\/mango-wow.png\" alt=\"\" class=\"wp-image-8\" srcset=\"https:\/\/wows.si\/wp-content\/uploads\/2025\/10\/mango-wow.png 721w, https:\/\/wows.si\/wp-content\/uploads\/2025\/10\/mango-wow-216x300.png 216w\" sizes=\"auto, (max-width: 721px) 100vw, 721px\" \/><\/figure>\n\n\n\n<h3 class=\"wp-block-heading\"><strong><strong>O nas<\/strong><\/strong><\/h3>\n\n\n\n<p>Blagovna znamka <strong>WOW&#8217;s \u2013 W<\/strong>hat<strong> O<\/strong>rganism<strong> W<\/strong>ant<strong>s <\/strong>je nastala s poslanstvom: povezati najbolj\u0161e svetovne in lokalne proizvajalce ter razviti izdelke in storitve, ki so naravni, zdravi in inovativni. S sodelovanjem z vrhunskimi podjetji na Tajskem in v Sloveniji si prizadevamo ponuditi kupcem izdelke in storitve, ki zdru\u017eujejo znanje, naravne sestavine, vrhunsko kakovost in najnovej\u0161e trende v prehrani in zdravju.<\/p>\n\n\n\n<p>Na\u0161a zgodba temelji na prepri\u010danju, da kakovostni in naravni izdelki in storitve lahko vidno izbolj\u0161ajo kakovost \u017eivljenja vsakega posameznika in hkrati prispevajo k trajnostnim konceptom, praksam in modelom v dobrobit \u0161ir\u0161e skupnosti. S sodelovanjem z izbranimi partnerji zagotavljamo, da so vsi na\u0161i izdelki skrbno izbrani, preverjeni in pripravljeni z najve\u010djo skrbjo za zdravje in zadovoljstvo Vas uporabnikov.<\/p>\n\n\n\n<h3 class=\"wp-block-heading\"><strong><strong>Prvi produkt: Mango pire iz kraljevine Tajske<\/strong><\/strong><\/h3>\n\n\n\n<p>Za\u010detek na\u0161e poti se za\u010denja z edinstvenim okusom mango pireja, ki je izdelan iz najkakovostnej\u0161ih mangov, pridelanih na Tajskem, v kraljevski de\u017eeli sadja in naravnih dobrot. Ta izdelek je predstavnik na\u0161e zavezanosti k naravnosti in vrhunski kakovosti. Ta okus je prvi korak na\u0161e vizije, ponuditi najbolj\u0161e izdelke, ki zdru\u017eujejo naravo, zdravje in okus v enem.<\/p>\n\n\n\n<h3 class=\"wp-block-heading\"><strong><strong>Naravno, organsko in brez dodanega sladkorja<\/strong><\/strong><\/h3>\n\n\n\n<p>Na\u0161 mango pire je naravni in organski izdelek, ki vsebuje <strong>4 kose manga<\/strong> v enem samem pakiranju. Vsak paket je skrbno pripravljen in vam ponudi naj\u010distej\u0161i ter najbolj pristni okus manga iz kraljevine Tajske.<\/p>\n\n\n\n<p><strong>Vsebuje ve\u010d kot 99 % manga<\/strong>, kar pomeni, da ste dele\u017eni najvi\u0161je kakovosti in naravnih hranil iz narave.<\/p>\n\n\n\n<h3 class=\"wp-block-heading\"><strong><strong>Kaj naredi na\u0161 mango pire edinstven?<\/strong><\/strong><\/h3>\n\n\n\n<ul class=\"wp-block-list\">\n<li><strong>Vsebuje ve\u010d kot 99 % manga<\/strong>, kar zagotavlja naravno, pristno aromo in visoko hranilno vrednost.<\/li>\n\n\n\n<li><strong>Brez dodanega sladkorja, brez umetnih barvil, arom in oja\u010devalcev okusa<\/strong>\u2013 samo narava sama.<\/li>\n\n\n\n<li><strong>Naravno prisotni sladkorji<\/strong> \u2013 iz sadja, brez umetnih sladkorjev.<\/li>\n\n\n\n<li><strong>100 % organski izdelek<\/strong> \u2013 pridelan in obdelan brez pesticidov, umetnih dodatkov ali gensko spremenjenih sestavin.<\/li>\n<\/ul>\n\n\n\n<h3 class=\"wp-block-heading\"><strong><strong>Uporaba in priporo\u010dila<\/strong><\/strong><\/h3>\n\n\n\n<p>Na\u0161 mango pire WOW\u2019s je enostaven za uporabo in popoln dodatek v va\u0161em zdravem prehranskem na\u010dinu \u017eivljenja. Pred uporabo ga pretresite, da zagotovite enakomerno razporeditev vsebine \u017eivila. Odprto pakiranje hranite v hladilniku in porabite v 2 dneh za najbolj\u0161o sve\u017eino.<\/p>\n\n\n\n<p><strong><strong>Idealno za<\/strong>:<\/strong><\/p>\n\n\n\n<ul class=\"wp-block-list\">\n<li>Zdrav obrok,<\/li>\n\n\n\n<li>Smoothije<\/li>\n\n\n\n<li>Sadne deserte<\/li>\n\n\n\n<li>Jogurte in muslije<\/li>\n\n\n\n<li>Kot naravni dodatek k jedem<\/li>\n\n\n\n<li>Dodajanje drugemu sadju in ore\u0161\u010dkom<\/li>\n<\/ul>\n\n\n\n<p><strong><strong>Hranite na sobni temperaturi, po odprtju pa v hladilniku.<\/strong><\/strong><\/p>\n\n\n\n<h3 class=\"wp-block-heading\"><strong><strong>Sestavine<\/strong><\/strong><\/h3>\n\n\n\n<ul class=\"wp-block-list\">\n<li>&#8211; 99,7 % organski mango<\/li>\n\n\n\n<li>&#8211; Sredstvo za uravnavanje kislosti: citronska kislina (0,3 %)<\/li>\n\n\n\n<li><strong>Hranilne vrednosti na 200 g<\/strong><\/li>\n\n\n\n<li>Energijska vrednost\u00a0 454 kJ \/ 108 kcal<\/li>\n\n\n\n<li>Ma\u0161\u010dobe\u00a00,2 g<\/li>\n\n\n\n<li>od tega nasi\u010dene ma\u0161\u010dobe 0 g<\/li>\n\n\n\n<li>Ogljikovi hidrati\u00a022,6 g<\/li>\n\n\n\n<li>od tega sladkorji\u00a0Naravno prisotni sladkorji<\/li>\n\n\n\n<li>Prehranske vlaknine\u00a0 3,2 g<\/li>\n\n\n\n<li>Beljakovine\u00a0 0,7 g<\/li>\n\n\n\n<li>Sol\u00a00 g<\/li>\n<\/ul>\n\n\n\n<h3 class=\"wp-block-heading\"><strong><strong>Zakaj izbrati naravni mango pire WOW\u2019s?<\/strong><\/strong><\/h3>\n\n\n\n<p><strong>100 % naraven in organski izdelek<\/strong> \u2013 brez kompromisov glede kakovosti.<\/p>\n\n\n\n<p><strong>Pristen okus in vonj<\/strong> \u2013 naravno pridelan in obdelan v skladu z naravnimi na\u010deli.<\/p>\n\n\n\n<p><strong>Zdrav in hranljiv obrok<\/strong> \u2013 bogat z vitamini, vlakninami in antioksidanti.<\/p>\n\n\n\n<p><strong>Primerno za vse, ki jim je mar za svoje zdravje in okolje.<\/strong><strong>100% natural and organic<\/strong> \u2013 no compromises on quality.<\/p>\n\n\n\n<p><\/p>\n\n\n\n<h3 class=\"wp-block-heading\"><strong>U\u017eivajte v naravnem okusu manga WOW\u2019s vsak dan!<\/strong><\/h3>\n\n\n\n<p><strong>Za\u010dutite pravo esenco Tajske \u2013 naravno, organsko, brez dodanega sladkorja in barvil<\/strong>.<\/p>\n\n\n\n<h3 class=\"wp-block-heading\"><strong>Na\u010drti za prihodnost<\/strong><\/h3>\n\n\n\n<p>V prihodnje bomo s pomo\u010djo najkakovostnej\u0161ih partnerjev razvijali in predstavili nove izdelke in storitve, ki bodo odra\u017eali na\u0161o zavezanost znanju, kakovosti, zdravju in inovacijam. Na\u0161 cilj je, da vsak izdelek, ki ga ponudimo, izpolnjuje najvi\u0161je standarde kakovosti in zadovoljstva na\u0161ih strank.<\/p>\n\n\n\n<p><\/p>\n","protected":false},"excerpt":{"rendered":"<p>Dobrodo\u0161li v svet narave z blagovno znamko WOW\u2019s \u2013 What Organism Wants O nas Blagovna znamka WOW&#8217;s \u2013 What Organism Wants je nastala s poslanstvom: povezati najbolj\u0161e svetovne in lokalne proizvajalce ter razviti izdelke in storitve, ki so naravni, zdravi in inovativni. S sodelovanjem z vrhunskimi podjetji na Tajskem in v Sloveniji si prizadevamo ponuditi [&hellip;]<\/p>\n","protected":false},"author":1,"featured_media":0,"parent":0,"menu_order":0,"comment_status":"closed","ping_status":"closed","template":"","meta":{"footnotes":""},"class_list":["post-19","page","type-page","status-publish","hentry"],"_links":{"self":[{"href":"https:\/\/wows.si\/index.php\/wp-json\/wp\/v2\/pages\/19","targetHints":{"allow":["GET"]}}],"collection":[{"href":"https:\/\/wows.si\/index.php\/wp-json\/wp\/v2\/pages"}],"about":[{"href":"https:\/\/wows.si\/index.php\/wp-json\/wp\/v2\/types\/page"}],"author":[{"embeddable":true,"href":"https:\/\/wows.si\/index.php\/wp-json\/wp\/v2\/users\/1"}],"replies":[{"embeddable":true,"href":"https:\/\/wows.si\/index.php\/wp-json\/wp\/v2\/comments?post=19"}],"version-history":[{"count":1,"href":"https:\/\/wows.si\/index.php\/wp-json\/wp\/v2\/pages\/19\/revisions"}],"predecessor-version":[{"id":20,"href":"https:\/\/wows.si\/index.php\/wp-json\/wp\/v2\/pages\/19\/revisions\/20"}],"wp:attachment":[{"href":"https:\/\/wows.si\/index.php\/wp-json\/wp\/v2\/media?parent=19"}],"curies":[{"name":"wp","href":"https:\/\/api.w.org\/{rel}","templated":true}]}}